{"id":10,"date":"2025-09-24T14:27:26","date_gmt":"2025-09-24T14:27:26","guid":{"rendered":"https:\/\/rat-haus-praxis.ch\/?page_id=10"},"modified":"2025-10-08T15:08:28","modified_gmt":"2025-10-08T15:08:28","slug":"rat-haus-praxis","status":"publish","type":"page","link":"https:\/\/rat-haus-praxis.ch\/","title":{"rendered":"rat-haus-praxis"},"content":{"rendered":"\n<p>Die Rat-Haus-Praxis verbindet pharmazeutisches Fachwissen mit Komplement\u00e4rmedizin und unterst\u00fctzt ihre Klienten bei Beschwerden nach einem pers\u00f6nlichen Gespr\u00e4ch und Analysen mit Naturprodukten. Zudem pr\u00fcfen wir verschriebene Medikamente auf m\u00f6gliche Wechselwirkungen und schlagen bei Bedarf alternative Behandlungsoptionen vor \u2013 stets in Abstimmung mit dem behandelnden Arzt. <br><br>Auf Wunsch bieten wir unsere Dienstleistungen auch bei Hausbesuchen an.<\/p>\n\n\n\n<p><strong>rat-haus-praxis | nat\u00fcrlich gesund<br><\/strong>Ursina Schwegler<br><em>Apothekerin FPH \/ Komplement\u00e4rtherapeutin NVS<\/em><\/p>\n\n\n\n<p><\/p>\n\n\n\n<p><\/p>\n","protected":false},"excerpt":{"rendered":"<p>Die Rat-Haus-Praxis verbindet pharmazeutisches Fachwissen mit Komplement\u00e4rmedizin und unterst\u00fctzt ihre Klienten bei Beschwerden nach einem pers\u00f6nlichen Gespr\u00e4ch und Analysen mit Naturprodukten. Zudem pr\u00fcfen wir verschriebene Medikamente auf m\u00f6gliche Wechselwirkungen und schlagen bei Bedarf alternative Behandlungsoptionen vor \u2013 stets in Abstimmung mit dem behandelnden Arzt. Auf Wunsch bieten wir unsere Dienstleistungen auch bei Hausbesuchen an. rat-haus-praxis &hellip; <\/p>\n<p class=\"link-more\"><a href=\"https:\/\/rat-haus-praxis.ch\/\" class=\"more-link\"><span class=\"screen-reader-text\">\u201erat-haus-praxis\u201c<\/span> weiterlesen<\/a><\/p>\n","protected":false},"author":1,"featured_media":0,"parent":0,"menu_order":0,"comment_status":"closed","ping_status":"closed","template":"","meta":{"footnotes":""},"class_list":["post-10","page","type-page","status-publish","hentry"],"yoast_head":"<!-- This site is optimized with the Yoast SEO plugin v26.0 - https:\/\/yoast.com\/wordpress\/plugins\/seo\/ -->\n<title>rat-haus-praxis - rat-haus-praxis<\/title>\n<meta name=\"description\" content=\"Entdecken Sie, wie wir die Wechselwirkung von Medikamenten bei Ihnen individuell auch bei Hausbesuchen analysieren und pr\u00fcfen. Ihre Gesundheit und Ihr Wohlbefinden ist im Fokus.\" \/>\n<meta name=\"robots\" content=\"index, follow, max-snippet:-1, max-image-preview:large, max-video-preview:-1\" \/>\n<link rel=\"canonical\" href=\"https:\/\/rat-haus-praxis.ch\/\" \/>\n<meta property=\"og:locale\" content=\"de_DE\" \/>\n<meta property=\"og:type\" content=\"article\" \/>\n<meta property=\"og:title\" content=\"rat-haus-praxis - rat-haus-praxis\" \/>\n<meta property=\"og:description\" content=\"Entdecken Sie, wie wir die Wechselwirkung von Medikamenten bei Ihnen individuell auch bei Hausbesuchen analysieren und pr\u00fcfen. Ihre Gesundheit und Ihr Wohlbefinden ist im Fokus.\" \/>\n<meta property=\"og:url\" content=\"https:\/\/rat-haus-praxis.ch\/\" \/>\n<meta property=\"og:site_name\" content=\"rat-haus-praxis\" \/>\n<meta property=\"article:modified_time\" content=\"2025-10-08T15:08:28+00:00\" \/>\n<meta name=\"twitter:card\" content=\"summary_large_image\" \/>\n<meta name=\"twitter:label1\" content=\"Gesch\u00e4tzte Lesezeit\" \/>\n\t<meta name=\"twitter:data1\" content=\"1\u00a0Minute\" \/>\n<script type=\"application\/ld+json\" class=\"yoast-schema-graph\">{\"@context\":\"https:\/\/schema.org\",\"@graph\":[{\"@type\":\"WebPage\",\"@id\":\"https:\/\/rat-haus-praxis.ch\/\",\"url\":\"https:\/\/rat-haus-praxis.ch\/\",\"name\":\"rat-haus-praxis - rat-haus-praxis\",\"isPartOf\":{\"@id\":\"https:\/\/rat-haus-praxis.ch\/#website\"},\"datePublished\":\"2025-09-24T14:27:26+00:00\",\"dateModified\":\"2025-10-08T15:08:28+00:00\",\"description\":\"Entdecken Sie, wie wir die Wechselwirkung von Medikamenten bei Ihnen individuell auch bei Hausbesuchen analysieren und pr\u00fcfen. Ihre Gesundheit und Ihr Wohlbefinden ist im Fokus.\",\"breadcrumb\":{\"@id\":\"https:\/\/rat-haus-praxis.ch\/#breadcrumb\"},\"inLanguage\":\"de\",\"potentialAction\":[{\"@type\":\"ReadAction\",\"target\":[\"https:\/\/rat-haus-praxis.ch\/\"]}]},{\"@type\":\"BreadcrumbList\",\"@id\":\"https:\/\/rat-haus-praxis.ch\/#breadcrumb\",\"itemListElement\":[{\"@type\":\"ListItem\",\"position\":1,\"name\":\"Startseite\",\"item\":\"https:\/\/rat-haus-praxis.ch\/\"},{\"@type\":\"ListItem\",\"position\":2,\"name\":\"rat-haus-praxis\"}]},{\"@type\":\"WebSite\",\"@id\":\"https:\/\/rat-haus-praxis.ch\/#website\",\"url\":\"https:\/\/rat-haus-praxis.ch\/\",\"name\":\"rat-haus-praxis\",\"description\":\"ganzheitlich beraten mit Komplement\u00e4rmedizin\",\"potentialAction\":[{\"@type\":\"SearchAction\",\"target\":{\"@type\":\"EntryPoint\",\"urlTemplate\":\"https:\/\/rat-haus-praxis.ch\/?s={search_term_string}\"},\"query-input\":{\"@type\":\"PropertyValueSpecification\",\"valueRequired\":true,\"valueName\":\"search_term_string\"}}],\"inLanguage\":\"de\"}]}<\/script>\n<!-- \/ Yoast SEO plugin. -->","yoast_head_json":{"title":"rat-haus-praxis - rat-haus-praxis","description":"Entdecken Sie, wie wir die Wechselwirkung von Medikamenten bei Ihnen individuell auch bei Hausbesuchen analysieren und pr\u00fcfen. Ihre Gesundheit und Ihr Wohlbefinden ist im Fokus.","robots":{"index":"index","follow":"follow","max-snippet":"max-snippet:-1","max-image-preview":"max-image-preview:large","max-video-preview":"max-video-preview:-1"},"canonical":"https:\/\/rat-haus-praxis.ch\/","og_locale":"de_DE","og_type":"article","og_title":"rat-haus-praxis - rat-haus-praxis","og_description":"Entdecken Sie, wie wir die Wechselwirkung von Medikamenten bei Ihnen individuell auch bei Hausbesuchen analysieren und pr\u00fcfen. Ihre Gesundheit und Ihr Wohlbefinden ist im Fokus.","og_url":"https:\/\/rat-haus-praxis.ch\/","og_site_name":"rat-haus-praxis","article_modified_time":"2025-10-08T15:08:28+00:00","twitter_card":"summary_large_image","twitter_misc":{"Gesch\u00e4tzte Lesezeit":"1\u00a0Minute"},"schema":{"@context":"https:\/\/schema.org","@graph":[{"@type":"WebPage","@id":"https:\/\/rat-haus-praxis.ch\/","url":"https:\/\/rat-haus-praxis.ch\/","name":"rat-haus-praxis - rat-haus-praxis","isPartOf":{"@id":"https:\/\/rat-haus-praxis.ch\/#website"},"datePublished":"2025-09-24T14:27:26+00:00","dateModified":"2025-10-08T15:08:28+00:00","description":"Entdecken Sie, wie wir die Wechselwirkung von Medikamenten bei Ihnen individuell auch bei Hausbesuchen analysieren und pr\u00fcfen. Ihre Gesundheit und Ihr Wohlbefinden ist im Fokus.","breadcrumb":{"@id":"https:\/\/rat-haus-praxis.ch\/#breadcrumb"},"inLanguage":"de","potentialAction":[{"@type":"ReadAction","target":["https:\/\/rat-haus-praxis.ch\/"]}]},{"@type":"BreadcrumbList","@id":"https:\/\/rat-haus-praxis.ch\/#breadcrumb","itemListElement":[{"@type":"ListItem","position":1,"name":"Startseite","item":"https:\/\/rat-haus-praxis.ch\/"},{"@type":"ListItem","position":2,"name":"rat-haus-praxis"}]},{"@type":"WebSite","@id":"https:\/\/rat-haus-praxis.ch\/#website","url":"https:\/\/rat-haus-praxis.ch\/","name":"rat-haus-praxis","description":"ganzheitlich beraten mit Komplement\u00e4rmedizin","potentialAction":[{"@type":"SearchAction","target":{"@type":"EntryPoint","urlTemplate":"https:\/\/rat-haus-praxis.ch\/?s={search_term_string}"},"query-input":{"@type":"PropertyValueSpecification","valueRequired":true,"valueName":"search_term_string"}}],"inLanguage":"de"}]}},"_links":{"self":[{"href":"https:\/\/rat-haus-praxis.ch\/index.php?rest_route=\/wp\/v2\/pages\/10","targetHints":{"allow":["GET"]}}],"collection":[{"href":"https:\/\/rat-haus-praxis.ch\/index.php?rest_route=\/wp\/v2\/pages"}],"about":[{"href":"https:\/\/rat-haus-praxis.ch\/index.php?rest_route=\/wp\/v2\/types\/page"}],"author":[{"embeddable":true,"href":"https:\/\/rat-haus-praxis.ch\/index.php?rest_route=\/wp\/v2\/users\/1"}],"replies":[{"embeddable":true,"href":"https:\/\/rat-haus-praxis.ch\/index.php?rest_route=%2Fwp%2Fv2%2Fcomments&post=10"}],"version-history":[{"count":19,"href":"https:\/\/rat-haus-praxis.ch\/index.php?rest_route=\/wp\/v2\/pages\/10\/revisions"}],"predecessor-version":[{"id":320,"href":"https:\/\/rat-haus-praxis.ch\/index.php?rest_route=\/wp\/v2\/pages\/10\/revisions\/320"}],"wp:attachment":[{"href":"https:\/\/rat-haus-praxis.ch\/index.php?rest_route=%2Fwp%2Fv2%2Fmedia&parent=10"}],"curies":[{"name":"wp","href":"https:\/\/api.w.org\/{rel}","templated":true}]}}