{"id":225,"date":"2025-09-30T16:17:24","date_gmt":"2025-09-30T16:17:24","guid":{"rendered":"https:\/\/rat-haus-praxis.ch\/?page_id=225"},"modified":"2025-10-08T09:56:50","modified_gmt":"2025-10-08T09:56:50","slug":"angebot-2","status":"publish","type":"page","link":"https:\/\/rat-haus-praxis.ch\/?page_id=225","title":{"rendered":"Angebot"},"content":{"rendered":"\n<div class=\"wp-block-media-text is-stacked-on-mobile\" style=\"grid-template-columns:85% auto\"><figure class=\"wp-block-media-text__media\"><img loading=\"lazy\" decoding=\"async\" width=\"1024\" height=\"614\" src=\"https:\/\/rat-haus-praxis.ch\/wp-content\/uploads\/2025\/09\/cropped-istockphoto-1246910902-612x612-2-1024x614.jpg\" alt=\"\" class=\"wp-image-42 size-full\" srcset=\"https:\/\/rat-haus-praxis.ch\/wp-content\/uploads\/2025\/09\/cropped-istockphoto-1246910902-612x612-2-1024x614.jpg 1024w, https:\/\/rat-haus-praxis.ch\/wp-content\/uploads\/2025\/09\/cropped-istockphoto-1246910902-612x612-2-300x180.jpg 300w, https:\/\/rat-haus-praxis.ch\/wp-content\/uploads\/2025\/09\/cropped-istockphoto-1246910902-612x612-2-768x460.jpg 768w, https:\/\/rat-haus-praxis.ch\/wp-content\/uploads\/2025\/09\/cropped-istockphoto-1246910902-612x612-2-1536x921.jpg 1536w, https:\/\/rat-haus-praxis.ch\/wp-content\/uploads\/2025\/09\/cropped-istockphoto-1246910902-612x612-2.jpg 2000w\" sizes=\"auto, (max-width: 767px) 89vw, (max-width: 1000px) 54vw, (max-width: 1071px) 543px, 580px\" \/><\/figure><div class=\"wp-block-media-text__content\">\n<p><\/p>\n<\/div><\/div>\n\n\n\n<div class=\"wp-block-group is-nowrap is-layout-flex wp-container-core-group-is-layout-ad2f72ca wp-block-group-is-layout-flex\">\n<p><\/p>\n<\/div>\n\n\n\n<div class=\"wp-block-group is-nowrap is-layout-flex wp-container-core-group-is-layout-ad2f72ca wp-block-group-is-layout-flex\">\n<p><\/p>\n<\/div>\n\n\n\n<p><br>Ich berate und unterst\u00fctze Sie in gesundheitlichen Fragen. Schwerpunkt sind chronische oder komplexe Erkrankungen, ich begleite aber auch schulmedizinische Therapien. Mein Anliegen ist es, die verschiedenen Symptome, die sich zeigen, in einen Zusammenhang zu bringen und die Ursache der Erkrankung zu therapieren.<\/p>\n\n\n\n<p><\/p>\n\n\n\n<p>Ich nehme mir Zeit f\u00fcr Sie f\u00fcr eine gr\u00fcndliche Anamnese der verschiedenen gesundheitlichen Fragen. In der Regel unterst\u00fctze ich das mit einer Vievamessung, damit ich mir ein gesamtheitliches Bild machen kann von der Situation. Danach erhalten Sie einen Therapievorschlag. Je nach Situation arbeite ich mit verschiedenen Methoden, auf substanzlicher Ebene (Phytotherapie, orthomolekulare Medizin, mikrobielle Therapie), feinstofflicher Ebene (Spagyrik, Hom\u00f6opathie, Isopathie), energetisch, Hyperschall oder mische diese Therapien, je nach Bedarf.   <\/p>\n\n\n\n<p><\/p>\n\n\n\n<p>Weitere Schwerpunkte sind auch die Darmsanierung nach Vitaplace bei chronischen Erkrankungen oder Begleitung von onkologischen Therapien mit orthomolekularer Medizin und\/oder Banerji-Mischungen. <br><br><br>Ich biete auch Hausbesuche bei \u00e4lteren oder gehbehinderten Menschen im Raum Zug an, um Fragen betreffend Medikation oder grunds\u00e4tzliche gesundheitliche Fragen zu besprechen.<\/p>\n\n\n\n<figure class=\"wp-block-gallery has-nested-images columns-default is-cropped wp-block-gallery-1 is-layout-flex wp-block-gallery-is-layout-flex\">\n<figure class=\"wp-block-image size-large\"><img loading=\"lazy\" decoding=\"async\" width=\"605\" height=\"404\" data-id=\"248\" src=\"https:\/\/rat-haus-praxis.ch\/wp-content\/uploads\/2025\/10\/Vieva.png\" alt=\"\" class=\"wp-image-248\" srcset=\"https:\/\/rat-haus-praxis.ch\/wp-content\/uploads\/2025\/10\/Vieva.png 605w, https:\/\/rat-haus-praxis.ch\/wp-content\/uploads\/2025\/10\/Vieva-300x200.png 300w\" sizes=\"auto, (max-width: 605px) 100vw, 605px\" \/><\/figure>\n<\/figure>\n\n\n\n<p>Folgende Methoden wende ich an:<\/p>\n\n\n\n<ul class=\"wp-block-list\">\n<li>Phytotherapie<\/li>\n\n\n\n<li>Hom\u00f6opathie &#8211; Banerjiprotokolle<\/li>\n\n\n\n<li>Spagyrik<\/li>\n\n\n\n<li>Isopathie<\/li>\n\n\n\n<li>orthomolekulare Therapie<\/li>\n\n\n\n<li>Darmsanierung (nach Vitaplace)<\/li>\n\n\n\n<li>Messung von Vitaminen, Spurenelementen, Mineralstoffen, Schwermetallen etc mittels Vievatestung (Biofeedbackmethode)<\/li>\n\n\n\n<li>Hyperschalltherapie MeraQ5<\/li>\n<\/ul>\n\n\n\n<div class=\"wp-block-columns is-layout-flex wp-container-core-columns-is-layout-9d6595d7 wp-block-columns-is-layout-flex\">\n<div class=\"wp-block-column is-layout-flow wp-block-column-is-layout-flow\" style=\"flex-basis:33.33%\"><\/div>\n\n\n\n<div class=\"wp-block-column is-layout-flow wp-block-column-is-layout-flow\" style=\"flex-basis:66.66%\"><\/div>\n<\/div>\n\n\n\n<div class=\"wp-block-columns is-layout-flex wp-container-core-columns-is-layout-9d6595d7 wp-block-columns-is-layout-flex\">\n<div class=\"wp-block-column is-layout-flow wp-block-column-is-layout-flow\" style=\"flex-basis:50%\"><\/div>\n\n\n\n<div class=\"wp-block-column is-layout-flow wp-block-column-is-layout-flow\" style=\"flex-basis:50%\">\n<p><\/p>\n<\/div>\n<\/div>\n\n\n\n<figure class=\"wp-block-gallery has-nested-images columns-default is-cropped wp-block-gallery-2 is-layout-flex wp-block-gallery-is-layout-flex\"><\/figure>\n\n\n\n<div class=\"wp-block-media-text is-stacked-on-mobile\"><figure class=\"wp-block-media-text__media\"><\/figure><div class=\"wp-block-media-text__content\">\n<p><\/p>\n<\/div><\/div>\n\n\n\n<figure class=\"wp-block-image size-full\"><img decoding=\"async\" src=\"https:\/\/rat-haus-praxis.ch\/wp-content\/uploads\/2025\/10\/Vieva1-2.docx\" alt=\"\" class=\"wp-image-263\"\/><\/figure>\n\n\n\n<figure class=\"wp-block-image size-full\"><img decoding=\"async\" src=\"https:\/\/rat-haus-praxis.ch\/wp-content\/uploads\/2025\/10\/Vieva1-3.docx\" alt=\"\" class=\"wp-image-264\"\/><\/figure>\n\n\n","protected":false},"excerpt":{"rendered":"<p>Ich berate und unterst\u00fctze Sie in gesundheitlichen Fragen. Schwerpunkt sind chronische oder komplexe Erkrankungen, ich begleite aber auch schulmedizinische Therapien. Mein Anliegen ist es, die verschiedenen Symptome, die sich zeigen, in einen Zusammenhang zu bringen und die Ursache der Erkrankung zu therapieren. Ich nehme mir Zeit f\u00fcr Sie f\u00fcr eine gr\u00fcndliche Anamnese der verschiedenen gesundheitlichen &hellip; <\/p>\n<p class=\"link-more\"><a href=\"https:\/\/rat-haus-praxis.ch\/?page_id=225\" class=\"more-link\"><span class=\"screen-reader-text\">\u201eAngebot\u201c<\/span> weiterlesen<\/a><\/p>\n","protected":false},"author":1,"featured_media":0,"parent":10,"menu_order":1,"comment_status":"closed","ping_status":"closed","template":"","meta":{"footnotes":""},"class_list":["post-225","page","type-page","status-publish","hentry"],"yoast_head":"<!-- This site is optimized with the Yoast SEO plugin v26.0 - https:\/\/yoast.com\/wordpress\/plugins\/seo\/ -->\n<title>Angebot - rat-haus-praxis<\/title>\n<meta name=\"robots\" content=\"index, follow, max-snippet:-1, max-image-preview:large, max-video-preview:-1\" \/>\n<link rel=\"canonical\" href=\"https:\/\/rat-haus-praxis.ch\/?page_id=225\" \/>\n<meta property=\"og:locale\" content=\"de_DE\" \/>\n<meta property=\"og:type\" content=\"article\" \/>\n<meta property=\"og:title\" content=\"Angebot - rat-haus-praxis\" \/>\n<meta property=\"og:description\" content=\"Ich berate und unterst\u00fctze Sie in gesundheitlichen Fragen. Schwerpunkt sind chronische oder komplexe Erkrankungen, ich begleite aber auch schulmedizinische Therapien. Mein Anliegen ist es, die verschiedenen Symptome, die sich zeigen, in einen Zusammenhang zu bringen und die Ursache der Erkrankung zu therapieren. Ich nehme mir Zeit f\u00fcr Sie f\u00fcr eine gr\u00fcndliche Anamnese der verschiedenen gesundheitlichen &hellip; \u201eAngebot\u201c weiterlesen\" \/>\n<meta property=\"og:url\" content=\"https:\/\/rat-haus-praxis.ch\/?page_id=225\" \/>\n<meta property=\"og:site_name\" content=\"rat-haus-praxis\" \/>\n<meta property=\"article:modified_time\" content=\"2025-10-08T09:56:50+00:00\" \/>\n<meta property=\"og:image\" content=\"https:\/\/rat-haus-praxis.ch\/wp-content\/uploads\/2025\/09\/cropped-istockphoto-1246910902-612x612-2.jpg\" \/>\n\t<meta property=\"og:image:width\" content=\"2000\" \/>\n\t<meta property=\"og:image:height\" content=\"1199\" \/>\n\t<meta property=\"og:image:type\" content=\"image\/jpeg\" \/>\n<meta name=\"twitter:card\" content=\"summary_large_image\" \/>\n<meta name=\"twitter:label1\" content=\"Gesch\u00e4tzte Lesezeit\" \/>\n\t<meta name=\"twitter:data1\" content=\"3\u00a0Minuten\" \/>\n<script type=\"application\/ld+json\" class=\"yoast-schema-graph\">{\"@context\":\"https:\/\/schema.org\",\"@graph\":[{\"@type\":\"WebPage\",\"@id\":\"https:\/\/rat-haus-praxis.ch\/?page_id=225\",\"url\":\"https:\/\/rat-haus-praxis.ch\/?page_id=225\",\"name\":\"Angebot - rat-haus-praxis\",\"isPartOf\":{\"@id\":\"https:\/\/rat-haus-praxis.ch\/#website\"},\"primaryImageOfPage\":{\"@id\":\"https:\/\/rat-haus-praxis.ch\/?page_id=225#primaryimage\"},\"image\":{\"@id\":\"https:\/\/rat-haus-praxis.ch\/?page_id=225#primaryimage\"},\"thumbnailUrl\":\"https:\/\/rat-haus-praxis.ch\/wp-content\/uploads\/2025\/09\/cropped-istockphoto-1246910902-612x612-2-1024x614.jpg\",\"datePublished\":\"2025-09-30T16:17:24+00:00\",\"dateModified\":\"2025-10-08T09:56:50+00:00\",\"breadcrumb\":{\"@id\":\"https:\/\/rat-haus-praxis.ch\/?page_id=225#breadcrumb\"},\"inLanguage\":\"de\",\"potentialAction\":[{\"@type\":\"ReadAction\",\"target\":[\"https:\/\/rat-haus-praxis.ch\/?page_id=225\"]}]},{\"@type\":\"ImageObject\",\"inLanguage\":\"de\",\"@id\":\"https:\/\/rat-haus-praxis.ch\/?page_id=225#primaryimage\",\"url\":\"https:\/\/rat-haus-praxis.ch\/wp-content\/uploads\/2025\/09\/cropped-istockphoto-1246910902-612x612-2.jpg\",\"contentUrl\":\"https:\/\/rat-haus-praxis.ch\/wp-content\/uploads\/2025\/09\/cropped-istockphoto-1246910902-612x612-2.jpg\",\"width\":2000,\"height\":1199,\"caption\":\"Healing tincture is a medicine made from elderberry flowers.\"},{\"@type\":\"BreadcrumbList\",\"@id\":\"https:\/\/rat-haus-praxis.ch\/?page_id=225#breadcrumb\",\"itemListElement\":[{\"@type\":\"ListItem\",\"position\":1,\"name\":\"Startseite\",\"item\":\"https:\/\/rat-haus-praxis.ch\/\"},{\"@type\":\"ListItem\",\"position\":2,\"name\":\"rat-haus-praxis\",\"item\":\"https:\/\/rat-haus-praxis.ch\/\"},{\"@type\":\"ListItem\",\"position\":3,\"name\":\"Angebot\"}]},{\"@type\":\"WebSite\",\"@id\":\"https:\/\/rat-haus-praxis.ch\/#website\",\"url\":\"https:\/\/rat-haus-praxis.ch\/\",\"name\":\"rat-haus-praxis\",\"description\":\"ganzheitlich beraten mit Komplement\u00e4rmedizin\",\"potentialAction\":[{\"@type\":\"SearchAction\",\"target\":{\"@type\":\"EntryPoint\",\"urlTemplate\":\"https:\/\/rat-haus-praxis.ch\/?s={search_term_string}\"},\"query-input\":{\"@type\":\"PropertyValueSpecification\",\"valueRequired\":true,\"valueName\":\"search_term_string\"}}],\"inLanguage\":\"de\"}]}<\/script>\n<!-- \/ Yoast SEO plugin. -->","yoast_head_json":{"title":"Angebot - rat-haus-praxis","robots":{"index":"index","follow":"follow","max-snippet":"max-snippet:-1","max-image-preview":"max-image-preview:large","max-video-preview":"max-video-preview:-1"},"canonical":"https:\/\/rat-haus-praxis.ch\/?page_id=225","og_locale":"de_DE","og_type":"article","og_title":"Angebot - rat-haus-praxis","og_description":"Ich berate und unterst\u00fctze Sie in gesundheitlichen Fragen. Schwerpunkt sind chronische oder komplexe Erkrankungen, ich begleite aber auch schulmedizinische Therapien. Mein Anliegen ist es, die verschiedenen Symptome, die sich zeigen, in einen Zusammenhang zu bringen und die Ursache der Erkrankung zu therapieren. Ich nehme mir Zeit f\u00fcr Sie f\u00fcr eine gr\u00fcndliche Anamnese der verschiedenen gesundheitlichen &hellip; \u201eAngebot\u201c weiterlesen","og_url":"https:\/\/rat-haus-praxis.ch\/?page_id=225","og_site_name":"rat-haus-praxis","article_modified_time":"2025-10-08T09:56:50+00:00","og_image":[{"width":2000,"height":1199,"url":"https:\/\/rat-haus-praxis.ch\/wp-content\/uploads\/2025\/09\/cropped-istockphoto-1246910902-612x612-2.jpg","type":"image\/jpeg"}],"twitter_card":"summary_large_image","twitter_misc":{"Gesch\u00e4tzte Lesezeit":"3\u00a0Minuten"},"schema":{"@context":"https:\/\/schema.org","@graph":[{"@type":"WebPage","@id":"https:\/\/rat-haus-praxis.ch\/?page_id=225","url":"https:\/\/rat-haus-praxis.ch\/?page_id=225","name":"Angebot - rat-haus-praxis","isPartOf":{"@id":"https:\/\/rat-haus-praxis.ch\/#website"},"primaryImageOfPage":{"@id":"https:\/\/rat-haus-praxis.ch\/?page_id=225#primaryimage"},"image":{"@id":"https:\/\/rat-haus-praxis.ch\/?page_id=225#primaryimage"},"thumbnailUrl":"https:\/\/rat-haus-praxis.ch\/wp-content\/uploads\/2025\/09\/cropped-istockphoto-1246910902-612x612-2-1024x614.jpg","datePublished":"2025-09-30T16:17:24+00:00","dateModified":"2025-10-08T09:56:50+00:00","breadcrumb":{"@id":"https:\/\/rat-haus-praxis.ch\/?page_id=225#breadcrumb"},"inLanguage":"de","potentialAction":[{"@type":"ReadAction","target":["https:\/\/rat-haus-praxis.ch\/?page_id=225"]}]},{"@type":"ImageObject","inLanguage":"de","@id":"https:\/\/rat-haus-praxis.ch\/?page_id=225#primaryimage","url":"https:\/\/rat-haus-praxis.ch\/wp-content\/uploads\/2025\/09\/cropped-istockphoto-1246910902-612x612-2.jpg","contentUrl":"https:\/\/rat-haus-praxis.ch\/wp-content\/uploads\/2025\/09\/cropped-istockphoto-1246910902-612x612-2.jpg","width":2000,"height":1199,"caption":"Healing tincture is a medicine made from elderberry flowers."},{"@type":"BreadcrumbList","@id":"https:\/\/rat-haus-praxis.ch\/?page_id=225#breadcrumb","itemListElement":[{"@type":"ListItem","position":1,"name":"Startseite","item":"https:\/\/rat-haus-praxis.ch\/"},{"@type":"ListItem","position":2,"name":"rat-haus-praxis","item":"https:\/\/rat-haus-praxis.ch\/"},{"@type":"ListItem","position":3,"name":"Angebot"}]},{"@type":"WebSite","@id":"https:\/\/rat-haus-praxis.ch\/#website","url":"https:\/\/rat-haus-praxis.ch\/","name":"rat-haus-praxis","description":"ganzheitlich beraten mit Komplement\u00e4rmedizin","potentialAction":[{"@type":"SearchAction","target":{"@type":"EntryPoint","urlTemplate":"https:\/\/rat-haus-praxis.ch\/?s={search_term_string}"},"query-input":{"@type":"PropertyValueSpecification","valueRequired":true,"valueName":"search_term_string"}}],"inLanguage":"de"}]}},"_links":{"self":[{"href":"https:\/\/rat-haus-praxis.ch\/index.php?rest_route=\/wp\/v2\/pages\/225","targetHints":{"allow":["GET"]}}],"collection":[{"href":"https:\/\/rat-haus-praxis.ch\/index.php?rest_route=\/wp\/v2\/pages"}],"about":[{"href":"https:\/\/rat-haus-praxis.ch\/index.php?rest_route=\/wp\/v2\/types\/page"}],"author":[{"embeddable":true,"href":"https:\/\/rat-haus-praxis.ch\/index.php?rest_route=\/wp\/v2\/users\/1"}],"replies":[{"embeddable":true,"href":"https:\/\/rat-haus-praxis.ch\/index.php?rest_route=%2Fwp%2Fv2%2Fcomments&post=225"}],"version-history":[{"count":20,"href":"https:\/\/rat-haus-praxis.ch\/index.php?rest_route=\/wp\/v2\/pages\/225\/revisions"}],"predecessor-version":[{"id":296,"href":"https:\/\/rat-haus-praxis.ch\/index.php?rest_route=\/wp\/v2\/pages\/225\/revisions\/296"}],"up":[{"embeddable":true,"href":"https:\/\/rat-haus-praxis.ch\/index.php?rest_route=\/wp\/v2\/pages\/10"}],"wp:attachment":[{"href":"https:\/\/rat-haus-praxis.ch\/index.php?rest_route=%2Fwp%2Fv2%2Fmedia&parent=225"}],"curies":[{"name":"wp","href":"https:\/\/api.w.org\/{rel}","templated":true}]}}